{"id":503,"date":"2014-09-22T12:40:37","date_gmt":"2014-09-22T10:40:37","guid":{"rendered":"http:\/\/bettinakhano.de\/start\/?page_id=503"},"modified":"2018-09-26T22:29:24","modified_gmt":"2018-09-26T20:29:24","slug":"texts","status":"publish","type":"page","link":"http:\/\/bettinakhano.de\/start\/info-2\/texts\/","title":{"rendered":"Texts"},"content":{"rendered":"<p class=\"p1\"><em><strong>Bettina Khano,\u00a0\u00dcberg\u00e4nge<\/strong><\/em><strong><br \/>\n<\/strong>von J\u00f6rn Schafaff<br \/>\n<a title=\"J\u00f6rn Schafaff\" href=\"http:\/\/bettinakhano.de\/start\/joern-schafaff-2018\/\">\u2192 Text<\/a><\/p>\n<p class=\"p1\"><em><strong>Bettina Khano, Oldenburger Kunstverein<\/strong><\/em><strong><br \/>\n<\/strong>von J\u00f6rn Schafaff<br \/>\n<a title=\"J\u00f6rn Schafaff\" href=\"http:\/\/bettinakhano.de\/start\/joern-schafaff\/\">\u2192 Text<\/a><\/p>\n<p class=\"p1\"><em><strong>Vorwort zu You May Appear Closer (Foreword)<br \/>\n<\/strong><\/em>von <span class=\"s1\">Ulrich Loock<\/span><a title=\"text1\" href=\"http:\/\/bettinakhano.de\/start\/text1-2\/\"><br \/>\n\u2192 Text<\/a><\/p>\n<p class=\"p1\"><span class=\"s1\"><br \/>\n<\/span><em><strong>Licht, Staub, Materie (Light, Dust, Matter)<a title=\"text2\" href=\"http:\/\/bettinakhano.de\/start\/text2\/\"><br \/>\n<\/a><\/strong><\/em>von <span class=\"s1\">Helga Lutz <\/span><a title=\"text2\" href=\"http:\/\/bettinakhano.de\/start\/text2\/\"><br \/>\n\u2192 Text<\/a><\/p>\n<p class=\"p1\"><span class=\"s1\"><br \/>\n<\/span><em><strong>Verdichtete Transparenz <\/strong><\/em>(<em><strong>Condensed Transparence)<a title=\"text3\" href=\"http:\/\/bettinakhano.de\/start\/text3\/\"><br \/>\n<\/a><\/strong><\/em><span class=\"s1\">von Annika Reich<\/span><em><strong><a title=\"text3\" href=\"http:\/\/bettinakhano.de\/start\/text3\/\"><br \/>\n<\/a><\/strong><\/em><a title=\"text3\" href=\"http:\/\/bettinakhano.de\/start\/text3\/\">\u2192 Text<\/a><\/p>\n<p class=\"p1\"><span class=\"s1\"><br \/>\n<\/span><em><strong>Aufl\u00f6sungen\u2014Erscheinungen (Dissolutions\u2014Manifestations)<a title=\"text4\" href=\"http:\/\/bettinakhano.de\/start\/text4\/\"><br \/>\n<\/a><\/strong><\/em><span class=\"s1\">von Marc Gl\u00f6de<\/span><a title=\"text4\" href=\"http:\/\/bettinakhano.de\/start\/text4\/\"><br \/>\n\u2192Text<\/a><\/p>\n<p>&nbsp;<\/p>\n<p>&nbsp;<\/p>\n","protected":false},"excerpt":{"rendered":"<p>Bettina Khano,\u00a0\u00dcberg\u00e4nge von J\u00f6rn Schafaff \u2192 Text Bettina Khano, Oldenburger Kunstverein von J\u00f6rn Schafaff \u2192 Text Vorwort zu You May Appear Closer (Foreword) von Ulrich Loock \u2192 Text Licht, Staub, Materie (Light, Dust, Matter) von Helga Lutz \u2192 Text Verdichtete Transparenz (Condensed Transparence) von Annika Reich \u2192 Text Aufl\u00f6sungen\u2014Erscheinungen (Dissolutions\u2014Manifestations) von Marc Gl\u00f6de \u2192Text &nbsp; [&hellip;]<\/p>\n","protected":false},"author":1,"featured_media":0,"parent":44,"menu_order":4,"comment_status":"open","ping_status":"closed","template":"","meta":{"footnotes":""},"class_list":["post-503","page","type-page","status-publish","hentry"],"_links":{"self":[{"href":"http:\/\/bettinakhano.de\/start\/wp-json\/wp\/v2\/pages\/503","targetHints":{"allow":["GET"]}}],"collection":[{"href":"http:\/\/bettinakhano.de\/start\/wp-json\/wp\/v2\/pages"}],"about":[{"href":"http:\/\/bettinakhano.de\/start\/wp-json\/wp\/v2\/types\/page"}],"author":[{"embeddable":true,"href":"http:\/\/bettinakhano.de\/start\/wp-json\/wp\/v2\/users\/1"}],"replies":[{"embeddable":true,"href":"http:\/\/bettinakhano.de\/start\/wp-json\/wp\/v2\/comments?post=503"}],"version-history":[{"count":41,"href":"http:\/\/bettinakhano.de\/start\/wp-json\/wp\/v2\/pages\/503\/revisions"}],"predecessor-version":[{"id":1871,"href":"http:\/\/bettinakhano.de\/start\/wp-json\/wp\/v2\/pages\/503\/revisions\/1871"}],"up":[{"embeddable":true,"href":"http:\/\/bettinakhano.de\/start\/wp-json\/wp\/v2\/pages\/44"}],"wp:attachment":[{"href":"http:\/\/bettinakhano.de\/start\/wp-json\/wp\/v2\/media?parent=503"}],"curies":[{"name":"wp","href":"https:\/\/api.w.org\/{rel}","templated":true}]}}